{"id":522,"date":"2024-12-22T19:03:04","date_gmt":"2024-12-22T19:03:04","guid":{"rendered":"https:\/\/eklentimarket.net\/goldtaggateway\/?page_id=522"},"modified":"2025-01-14T14:18:55","modified_gmt":"2025-01-14T14:18:55","slug":"hakkimizda","status":"publish","type":"page","link":"https:\/\/gateway.goldtagapp.com\/ru\/\u043e-\u043d\u0430\u0441\/","title":{"rendered":"\u041e \u043d\u0430\u0441"},"content":{"rendered":"<div data-elementor-type=\"wp-page\" data-elementor-id=\"522\" class=\"elementor elementor-522\" data-elementor-post-type=\"page\">\n\t\t\t\t<div class=\"elementor-element elementor-element-c6008e6 e-flex e-con-boxed e-con e-parent\" data-id=\"c6008e6\" data-element_type=\"container\" data-settings=\"{&quot;background_background&quot;:&quot;gradient&quot;}\">\n\t\t\t\t\t<div class=\"e-con-inner\">\n\t\t<div class=\"elementor-element elementor-element-3a7ced7 e-con-full e-flex e-con e-child\" data-id=\"3a7ced7\" data-element_type=\"container\">\n\t\t\t\t<div class=\"elementor-element elementor-element-fcd05dc elementor-invisible elementor-widget elementor-widget-heading\" data-id=\"fcd05dc\" data-element_type=\"widget\" data-settings=\"{&quot;_animation&quot;:&quot;fadeInUp&quot;}\" data-widget_type=\"heading.default\">\n\t\t\t\t<div class=\"elementor-widget-container\">\n\t\t\t\t\t<h2 class=\"elementor-heading-title elementor-size-default\">\u041d\u0430\u0434\u0451\u0436\u043d\u044b\u0435 \u0438 \u043c\u043e\u0449\u043d\u044b\u0435 \u0440\u0435\u0448\u0435\u043d\u0438\u044f \u0441 Goldtag<\/h2>\t\t\t\t<\/div>\n\t\t\t\t<\/div>\n\t\t\t\t<div class=\"elementor-element elementor-element-300fa8f elementor-widget__width-initial elementor-widget-mobile__width-inherit elementor-invisible elementor-widget elementor-widget-text-editor\" data-id=\"300fa8f\" data-element_type=\"widget\" data-settings=\"{&quot;_animation&quot;:&quot;fadeInUp&quot;}\" data-widget_type=\"text-editor.default\">\n\t\t\t\t<div class=\"elementor-widget-container\">\n\t\t\t\t\t\t\t\t\t<p>\u041f\u0440\u043e\u0435\u043a\u0442 Goldtag \u044f\u0432\u043b\u044f\u0435\u0442\u0441\u044f \u0438\u043d\u0438\u0446\u0438\u0430\u0442\u0438\u0432\u043e\u0439 \u043a\u043e\u043c\u043f\u0430\u043d\u0438\u0438 Fintag Software Consultancy Inc. \u041a\u043e\u043c\u043f\u0430\u043d\u0438\u044f Fintag Software Consultancy Inc. \u0431\u044b\u043b\u0430 \u043e\u0441\u043d\u043e\u0432\u0430\u043d\u0430 \u0432 2019 \u0433\u043e\u0434\u0443 \u0438 \u0431\u044b\u043b\u0430 \u0432\u044b\u0431\u0440\u0430\u043d\u0430 \u0441\u0440\u0435\u0434\u0438 \u0441\u043e\u0442\u0435\u043d \u043a\u043e\u043c\u043f\u0430\u043d\u0438\u0439 \u0434\u043b\u044f \u043f\u043e\u043b\u0443\u0447\u0435\u043d\u0438\u044f \u043f\u043e\u0434\u0434\u0435\u0440\u0436\u043a\u0438 \u0432 \u043e\u0431\u043b\u0430\u0441\u0442\u0438 \u041d\u0418\u041e\u041a\u0420 \u0438 \u0438\u043d\u043d\u043e\u0432\u0430\u0446\u0438\u0439 \u043e\u0442 KOSGEB. \u041a\u0440\u043e\u043c\u0435 \u0442\u043e\u0433\u043e, Goldtag \u0431\u044b\u043b \u043f\u0440\u0438\u043d\u044f\u0442 \u0432 \u0426\u0435\u043d\u0442\u0440 \u043f\u0440\u0435\u0434\u043f\u0440\u0438\u043d\u0438\u043c\u0430\u0442\u0435\u043b\u044c\u0441\u0442\u0432\u0430 Lonca, \u0441\u043e\u0437\u0434\u0430\u043d\u043d\u044b\u0439 \u0432\u0435\u0434\u0443\u0449\u0438\u043c \u0442\u0443\u0440\u0435\u0446\u043a\u0438\u043c \u0431\u0430\u043d\u043a\u043e\u043c \u0432 \u0441\u0444\u0435\u0440\u0435 \u0437\u043e\u043b\u043e\u0442\u0430 Kuveyt T\u00fcrk, \u0447\u0442\u043e \u043f\u043e\u0437\u0432\u043e\u043b\u0438\u043b\u043e \u0435\u043c\u0443 \u0442\u0435\u0441\u043d\u043e \u0441\u043e\u0442\u0440\u0443\u0434\u043d\u0438\u0447\u0430\u0442\u044c \u0441 \u043e\u043f\u044b\u0442\u043d\u044b\u043c\u0438 \u0441\u043f\u0435\u0446\u0438\u0430\u043b\u0438\u0441\u0442\u0430\u043c\u0438 \u0432 \u044d\u0442\u043e\u0439 \u043e\u0431\u043b\u0430\u0441\u0442\u0438. \u0412 \u0445\u043e\u0434\u0435 \u044d\u0442\u0438\u0445 \u0440\u0430\u0431\u043e\u0442 \u043f\u0440\u043e\u0432\u043e\u0434\u0438\u043b\u0438\u0441\u044c \u043a\u043e\u043d\u0441\u0443\u043b\u044c\u0442\u0430\u0446\u0438\u0438 \u0441 \u0442\u0430\u043a\u0438\u043c\u0438 \u0443\u0447\u0440\u0435\u0436\u0434\u0435\u043d\u0438\u044f\u043c\u0438, \u043a\u0430\u043a MASAK, BDDK \u0438 TCMB, \u0438 \u0441\u043e\u043e\u0442\u0432\u0435\u0442\u0441\u0442\u0432\u0443\u044e\u0449\u0438\u0435 \u043c\u0435\u0440\u044b \u0431\u0435\u0437\u043e\u043f\u0430\u0441\u043d\u043e\u0441\u0442\u0438 \u0431\u044b\u043b\u0438 \u0440\u0430\u0437\u0440\u0430\u0431\u043e\u0442\u0430\u043d\u044b \u0432 \u0441\u043e\u043e\u0442\u0432\u0435\u0442\u0441\u0442\u0432\u0438\u0438 \u0441 \u0438\u0445 \u0440\u0435\u043a\u043e\u043c\u0435\u043d\u0434\u0430\u0446\u0438\u044f\u043c\u0438. Goldtag \u0433\u043e\u0440\u0434\u0438\u0442\u0441\u044f \u0442\u0435\u043c, \u0447\u0442\u043e \u0441\u0442\u0430\u0432\u0438\u0442 \u043e\u0436\u0438\u0434\u0430\u043d\u0438\u044f \u0441\u0432\u043e\u0438\u0445 \u0446\u0435\u043d\u043d\u044b\u0445 \u043a\u043b\u0438\u0435\u043d\u0442\u043e\u0432 \u0432 \u0446\u0435\u043d\u0442\u0440 \u0441\u0432\u043e\u0435\u0439 \u043c\u0438\u0441\u0441\u0438\u0438, \u043d\u0430\u0447\u0438\u043d\u0430\u044f \u044d\u0442\u043e\u0442 \u043f\u0443\u0442\u044c \u0441 \u0434\u0435\u0432\u0438\u0437\u043e\u043c: \u00ab\u0414\u043e\u0431\u0430\u0432\u044c\u0442\u0435 \u0437\u043e\u043b\u043e\u0442\u0443\u044e \u0446\u0435\u043d\u043d\u043e\u0441\u0442\u044c \u043a \u0441\u0432\u043e\u0435\u0439 \u041b\u0438\u0440\u0435\u00bb.<\/p>\t\t\t\t\t\t\t\t<\/div>\n\t\t\t\t<\/div>\n\t\t\t\t<\/div>\n\t\t\t\t\t<\/div>\n\t\t\t\t<\/div>\n\t\t<div class=\"elementor-element elementor-element-0305f7b e-flex e-con-boxed e-con e-parent\" data-id=\"0305f7b\" data-element_type=\"container\" data-settings=\"{&quot;background_background&quot;:&quot;gradient&quot;}\">\n\t\t\t\t\t<div class=\"e-con-inner\">\n\t\t<div class=\"elementor-element elementor-element-87054ef e-con-full e-flex e-con e-child\" data-id=\"87054ef\" data-element_type=\"container\" data-settings=\"{&quot;background_background&quot;:&quot;classic&quot;}\">\n\t\t\t\t<div class=\"elementor-element elementor-element-a4e3d99 donen-element elementor-widget elementor-widget-image\" data-id=\"a4e3d99\" data-element_type=\"widget\" data-settings=\"{&quot;motion_fx_motion_fx_mouse&quot;:&quot;yes&quot;}\" data-widget_type=\"image.default\">\n\t\t\t\t<div class=\"elementor-widget-container\">\n\t\t\t\t\t\t\t\t\t\t\t\t\t\t\t<img fetchpriority=\"high\" decoding=\"async\" width=\"779\" height=\"810\" src=\"https:\/\/gateway.goldtagapp.com\/wp-content\/uploads\/2024\/12\/sonbilesenler.png\" class=\"attachment-full size-full wp-image-1481\" alt=\"alt\u0131n g\u00fcm\u00fc\u015f\" srcset=\"https:\/\/gateway.goldtagapp.com\/wp-content\/uploads\/2024\/12\/sonbilesenler.png 779w, https:\/\/gateway.goldtagapp.com\/wp-content\/uploads\/2024\/12\/sonbilesenler-289x300.png 289w, https:\/\/gateway.goldtagapp.com\/wp-content\/uploads\/2024\/12\/sonbilesenler-768x799.png 768w\" sizes=\"(max-width: 779px) 100vw, 779px\" title=\"\">\t\t\t\t\t\t\t\t\t\t\t\t\t\t\t<\/div>\n\t\t\t\t<\/div>\n\t\t\t\t<\/div>\n\t\t<div class=\"elementor-element elementor-element-a31ca0f e-con-full e-flex e-con e-child\" data-id=\"a31ca0f\" data-element_type=\"container\">\n\t\t\t\t<div class=\"elementor-element elementor-element-ea64cb5 elementor-widget elementor-widget-heading\" data-id=\"ea64cb5\" data-element_type=\"widget\" data-widget_type=\"heading.default\">\n\t\t\t\t<div class=\"elementor-widget-container\">\n\t\t\t\t\t<h2 class=\"elementor-heading-title elementor-size-default\">\u0421\u0432\u044f\u0436\u0438\u0442\u0435\u0441\u044c \u0441 \u043d\u0430\u043c\u0438<\/h2>\t\t\t\t<\/div>\n\t\t\t\t<\/div>\n\t\t\t\t<div class=\"elementor-element elementor-element-bdebccc elementor-widget-mobile__width-initial elementor-widget elementor-widget-text-editor\" data-id=\"bdebccc\" data-element_type=\"widget\" data-widget_type=\"text-editor.default\">\n\t\t\t\t<div class=\"elementor-widget-container\">\n\t\t\t\t\t\t\t\t\t<p>Goldtag Gateway \u043e\u0431\u0435\u0441\u043f\u0435\u0447\u0438\u0432\u0430\u0435\u0442 \u0431\u044b\u0441\u0442\u0440\u044b\u0439 \u0434\u043e\u0441\u0442\u0443\u043f \u043a API \u0434\u0440\u0430\u0433\u043e\u0446\u0435\u043d\u043d\u044b\u0445 \u043c\u0435\u0442\u0430\u043b\u043b\u043e\u0432 \u0438 \u0434\u0440\u0443\u0433\u0438\u0445 \u0442\u043e\u0432\u0430\u0440\u043e\u0432. \u0411\u044b\u0441\u0442\u0440\u0430\u044f \u0438\u043d\u0442\u0435\u0433\u0440\u0430\u0446\u0438\u044f \u0432 \u0442\u0435\u0447\u0435\u043d\u0438\u0435 21 \u0434\u043d\u044f, \u043a\u0440\u0443\u0433\u043b\u043e\u0441\u0443\u0442\u043e\u0447\u043d\u044b\u0435 \u0432\u044b\u0433\u043e\u0434\u043d\u044b\u0435 \u0446\u0435\u043d\u044b \u0438 \u0440\u0435\u0448\u0435\u043d\u0438\u044f \u043d\u0430 \u043e\u0441\u043d\u043e\u0432\u0435 \u0438\u0441\u043a\u0443\u0441\u0441\u0442\u0432\u0435\u043d\u043d\u043e\u0433\u043e \u0438\u043d\u0442\u0435\u043b\u043b\u0435\u043a\u0442\u0430 \u0443\u0441\u043a\u043e\u0440\u044f\u044e\u0442 \u0432\u0430\u0448\u0438 \u0431\u0438\u0437\u043d\u0435\u0441-\u043f\u0440\u043e\u0446\u0435\u0441\u0441\u044b. \u0418\u0441\u043f\u043e\u043b\u044c\u0437\u0443\u0439\u0442\u0435 \u0442\u0435\u0445\u043d\u043e\u043b\u043e\u0433\u0438\u0438 \u0431\u0443\u0434\u0443\u0449\u0435\u0433\u043e \u0443\u0436\u0435 \u0441\u0435\u0433\u043e\u0434\u043d\u044f \u0441 \u043f\u043e\u0434\u0434\u0435\u0440\u0436\u043a\u043e\u0439 \u0431\u043b\u043e\u043a\u0447\u0435\u0439\u043d\u0430 \u0438 \u0442\u043e\u043a\u0435\u043d\u0438\u0437\u0430\u0446\u0438\u0438! \u041f\u0440\u0438\u0441\u043e\u0435\u0434\u0438\u043d\u044f\u0439\u0442\u0435\u0441\u044c \u043a \u043d\u0430\u043c \u0431\u044b\u0441\u0442\u0440\u043e \u0438 \u0432\u043e\u0441\u043f\u043e\u043b\u044c\u0437\u0443\u0439\u0442\u0435\u0441\u044c \u0442\u0435\u0445\u043d\u043e\u043b\u043e\u0433\u0438\u044f\u043c\u0438 Goldtag Gateway!<\/p>\t\t\t\t\t\t\t\t<\/div>\n\t\t\t\t<\/div>\n\t\t\t\t<div class=\"elementor-element elementor-element-2541d7c elementor-widget elementor-widget-ucaddon_neon_glowing_button_effect\" data-id=\"2541d7c\" data-element_type=\"widget\" data-widget_type=\"ucaddon_neon_glowing_button_effect.default\">\n\t\t\t\t<div class=\"elementor-widget-container\">\n\t\t\t\t\t\n<!-- start Neon Glowing Button Effect -->\n\t\t<link id='font-awesome-css' href='https:\/\/gateway.goldtagapp.com\/wp-content\/plugins\/unlimited-elements-for-elementor-premium\/assets_libraries\/font-awesome6\/fontawesome-all.min.css' type='text\/css' rel='stylesheet' >\n\t\t<link id='font-awesome-4-shim-css' href='https:\/\/gateway.goldtagapp.com\/wp-content\/plugins\/unlimited-elements-for-elementor-premium\/assets_libraries\/font-awesome6\/fontawesome-v4-shims.min.css' type='text\/css' rel='stylesheet' >\n\n<style>\/* widget: Neon Glowing Button Effect *\/\n\n#uc_neon_glowing_button_effect_elementor_2541d7c{\n  position: relative;\n  z-index:1;\n}\n#uc_neon_glowing_button_effect_elementor_2541d7c *{\n    margin: 0;\n}\n#uc_neon_glowing_button_effect_elementor_2541d7c.ue_neon_btn_wrapper{\n  display: flex;\n  justify-content: center;\n  align-items: center;\n  gap:50px;\n}\n#uc_neon_glowing_button_effect_elementor_2541d7c .ue_neon_btn {\n  display: flex;\n  flex-direction:row;\n  justify-content: center;\n  align-items: center;\n  position: relative;\n  border-radius: 25px;\n  overflow:visible;\n  transition: 0.5s;\n}\n\n#uc_neon_glowing_button_effect_elementor_2541d7c .ue_neon_btn:after {\n  content: '';\n  position: absolute;\n  box-sizing:content-box;\n  border-radius: calc(25px + 2px);\n  width: 100%;\n  height: 100%;\n  translate: -50% -50%;\n  left: 50%;\n  top: 50%;\n  z-index: -1;\n  animation: rotateuc_neon_glowing_button_effect_elementor_2541d7c 2000ms linear infinite;\n  padding: 2px;\n  --angle: 0deg;\n  filter: ;\n  background: conic-gradient(from var(--angle) ,\n          #ff003700 50deg,\n      #E6E6E6 360deg\n          );\n  transition: all 0.5s;\n}\n\n#uc_neon_glowing_button_effect_elementor_2541d7c .ue_neon_btn:before {\n  content: '';\n  position: absolute;\n  box-sizing:content-box;\n  border-radius: 25px;\n  width: 100%;\n  height: 100%;\n  translate: -50% -50%;\n  left: 50%;\n  top: 50%;\n  z-index: -2;\n  transition: all 0.5s;\n  animation: rotateuc_neon_glowing_button_effect_elementor_2541d7c 2000ms linear infinite;\n  filter: blur(20px) brightness(1)  ;\n  background: conic-gradient(from var(--angle),\n          #ff003700 50deg,\n      #E6E6E6 360deg\n          );\n}\n\n\n@property --angle {\n  syntax: '<angle>';\n  initial-value: 0deg;\n  inherits: false;\n}\n@property --hueuc_neon_glowing_button_effect_elementor_2541d7c {\n  syntax: '<angle>';\n  initial-value: 0deg;\n  inherits: false;\n}\n@keyframes rotateuc_neon_glowing_button_effect_elementor_2541d7c {\n  0% {\n    --angle: 0deg;\n       }\n  50% { \n      }\n  100% { \n    --angle: 360deg;\n      }\n}\n\n\/* hover *\/\n#uc_neon_glowing_button_effect_elementor_2541d7c .ue_neon_btn:hover:before,\n#uc_neon_glowing_button_effect_elementor_2541d7c .ue_neon_btn:hover:after{\n  transition: all 0.5s;\n  animation-play-state: paused;\n  background: conic-gradient(from var(--angle),\n          #E6E6E6 0deg,\n      #E6E6E6 360deg\n          );\n}\n\n#uc_neon_glowing_button_effect_elementor_2541d7c .ue-btn svg\n{\n  height:1em;\n  width:1em;\n}\n\n<\/style>\n\n<div id=\"uc_neon_glowing_button_effect_elementor_2541d7c\" class=\"ue_neon_btn_wrapper\">\n  <a href=\"#\"  class=\"ue_neon_btn\">\n        infogateway@goldtagapp.com\n    <div class=\"ue-btn-icon\"><i class='ozl ozl-md-send'><\/i><\/div>  <\/a>\n<\/div>\n<!-- end Neon Glowing Button Effect -->\t\t\t\t<\/div>\n\t\t\t\t<\/div>\n\t\t\t\t<\/div>\n\t\t\t\t\t<\/div>\n\t\t\t\t<\/div>\n\t\t\t\t<\/div>","protected":false},"excerpt":{"rendered":"<p>Goldtag ile G\u00fc\u00e7l\u00fc ve G\u00fcvenilir \u00c7\u00f6z\u00fcmler Goldtag projesi Fintag Yaz\u0131l\u0131m Dan\u0131\u015fmanl\u0131k A.\u015e. \u015firketinin bir projesidir. Fintag Yaz\u0131l\u0131m Dan\u0131\u015fmanl\u0131k A.\u015e, 2019 y\u0131l\u0131nda kurulmu\u015f olup y\u00fczlerce firma aras\u0131ndan KOSGEB\u2019in Arge ve \u0130novasyon deste\u011fini almaya hak kazanm\u0131\u015ft\u0131r. Ayn\u0131 zamanda Goldtag, T\u00fcrkiye\u2019nin alt\u0131n alan\u0131nda lider bankas\u0131 Kuveyt T\u00fcrk taraf\u0131ndan kurulan Lonca Giri\u015fimcilik Merkezi\u2019ne kabul alm\u0131\u015f olup bu alanda deneyimli [&hellip;]<\/p>","protected":false},"author":1,"featured_media":0,"parent":0,"menu_order":0,"comment_status":"closed","ping_status":"closed","template":"elementor_header_footer","meta":{"footnotes":""},"class_list":["post-522","page","type-page","status-publish","hentry"],"rankMath":{"parentDomain":"gateway.goldtagapp.com","noFollowDomains":[],"noFollowExcludeDomains":[],"noFollowExternalLinks":false,"featuredImageNotice":"\u041f\u043e\u043a\u0430\u0437\u0430\u043d\u043d\u043e\u0435 \u0438\u0437\u043e\u0431\u0440\u0430\u0436\u0435\u043d\u0438\u0435 \u0434\u043e\u043b\u0436\u043d\u043e \u0431\u044b\u0442\u044c \u0440\u0430\u0437\u043c\u0435\u0440\u043e\u043c \u043d\u0435 \u043c\u0435\u043d\u0435\u0435 200 \u043d\u0430 200 \u043f\u0438\u043a\u0441\u0435\u043b\u0435\u0439, \u0447\u0442\u043e\u0431\u044b \u0435\u0433\u043e \u043c\u043e\u0433\u043b\u0438 \u0443\u0432\u0438\u0434\u0435\u0442\u044c Facebook \u0438 \u0434\u0440\u0443\u0433\u0438\u0435 \u0441\u0430\u0439\u0442\u044b \u0441\u043e\u0446\u0438\u0430\u043b\u044c\u043d\u044b\u0445 \u0441\u0435\u0442\u0435\u0439.","pluginReviewed":false,"postSettings":{"linkSuggestions":true,"useFocusKeyword":false},"frontEndScore":false,"postName":"hakkimizda","permalinkFormat":"https:\/\/gateway.goldtagapp.com\/ru\/%pagename%\/","showLockModifiedDate":true,"assessor":{"focusKeywordLink":"https:\/\/gateway.goldtagapp.com\/wp-admin\/edit.php?focus_keyword=%focus_keyword%&post_type=%post_type%","hasTOCPlugin":true,"primaryTaxonomy":false,"serpData":{"title":"Hakk\u0131m\u0131zda - Goldtag Gateway Projesi Hakk\u0131nda Bilgi","description":"Goldtag, Fintag Yaz\u0131l\u0131m Dan\u0131\u015fmanl\u0131k A.\u015e. taraf\u0131ndan 2019'da kurulmu\u015ftur.Hakk\u0131m\u0131zda daha detayl\u0131 bilgiye ula\u015f\u0131n!","focusKeywords":"Hakk\u0131m\u0131zda","pillarContent":false,"canonicalUrl":"","breadcrumbTitle":"","advancedRobots":{"max-snippet":"-1","max-video-preview":"-1","max-image-preview":"large"},"facebookTitle":"Goldtag Gateway Projesi Hakk\u0131nda Bilgi","facebookDescription":"Goldtag, Fintag Yaz\u0131l\u0131m Dan\u0131\u015fmanl\u0131k A.\u015e. taraf\u0131ndan 2019'da kurulmu\u015ftur. Hakk\u0131m\u0131zda daha detayl\u0131 bilgiye ula\u015f\u0131n!","facebookImage":"","facebookImageID":"","facebookHasOverlay":false,"facebookImageOverlay":"","facebookAuthor":"","twitterCardType":"","twitterUseFacebook":true,"twitterTitle":"","twitterDescription":"","twitterImage":"","twitterImageID":"","twitterHasOverlay":false,"twitterImageOverlay":"","twitterPlayerUrl":"","twitterPlayerSize":"","twitterPlayerStream":"","twitterPlayerStreamCtype":"","twitterAppDescription":"","twitterAppIphoneName":"","twitterAppIphoneID":"","twitterAppIphoneUrl":"","twitterAppIpadName":"","twitterAppIpadID":"","twitterAppIpadUrl":"","twitterAppGoogleplayName":"","twitterAppGoogleplayID":"","twitterAppGoogleplayUrl":"","twitterAppCountry":"","robots":{"index":true},"twitterAuthor":"@Goldtag_TR","primaryTerm":0,"authorName":"gtgwadmin","titleTemplate":"%title% %sep% %sitename%","descriptionTemplate":"%excerpt%","showScoreFrontend":true,"lockModifiedDate":false},"powerWords":[],"diacritics":{"A":"[\\u0410\\u0430]","B":"[\\u0411\\u0431]","V":"[\\u0412\\u0432]","G":"[\\u0413\\u0433]","D":"[\\u0414\\u0434]","YE":"[\\u0415\\u0435]","YO":"[\\u0401\\u0451]","ZH":"[\\u0416\\u0436]","Z":"[\\u0417\\u0437]","EE":"[\\u0418\\u0438]","YI":"[\\u0419\\u0439]","K":"[\\u041A\\u043A]","L":"[\\u041B\\u043B]","M":"[\\u041C\\u043c]","P":"[\\u041F\\u043F]","T":"[\\u0422\\u0442]","U":"[\\u0423\\u0443]","F":"[\\u0424\\u0444]","H":"[\\u0425\\u0445]","TS":"[\\u0426\\u0446]","CH":"[\\u0427\\u0447]","SH":"[\\u0428\\u0448\\u0429\\u0449]","I":"[\\u042B\\u044B]","E":"[\\u042D\\u044D]","YU":"[\\u042E\\u044E]","YA":"[\\u042F\\u044F]","N":"[\\u041D\\u043D]"},"researchesTests":["contentHasTOC","contentHasShortParagraphs","contentHasAssets","keywordInTitle","keywordInMetaDescription","keywordInPermalink","keywordIn10Percent","keywordInContent","keywordInSubheadings","keywordInImageAlt","keywordDensity","keywordNotUsed","lengthContent","lengthPermalink","linksHasInternal","linksHasExternals","linksNotAllExternals","titleStartWithKeyword","titleSentiment","titleHasPowerWords","titleHasNumber","hasContentAI"],"hasRedirection":true,"hasBreadcrumb":false},"homeUrl":"https:\/\/gateway.goldtagapp.com\/ru","objectID":522,"objectType":"post","locale":"ru","localeFull":"ru_RU","overlayImages":{"play":{"name":"Play \u0438\u043a\u043e\u043d\u043a\u0430","url":"https:\/\/gateway.goldtagapp.com\/wp-content\/plugins\/seo-by-rank-math\/assets\/admin\/img\/icon-play.png","path":"\/home\/u574380248\/domains\/gateway.goldtagapp.com\/public_html\/wp-content\/plugins\/seo-by-rank-math\/assets\/admin\/img\/icon-play.png","position":"middle_center"},"gif":{"name":"GIF \u0438\u043a\u043e\u043d\u043a\u0430","url":"https:\/\/gateway.goldtagapp.com\/wp-content\/plugins\/seo-by-rank-math\/assets\/admin\/img\/icon-gif.png","path":"\/home\/u574380248\/domains\/gateway.goldtagapp.com\/public_html\/wp-content\/plugins\/seo-by-rank-math\/assets\/admin\/img\/icon-gif.png","position":"middle_center"}},"defautOgImage":"https:\/\/gateway.goldtagapp.com\/wp-content\/uploads\/2024\/12\/LOGO-H.png","customPermalinks":true,"isUserRegistered":true,"autoSuggestKeywords":true,"connectSiteUrl":"https:\/\/rankmath.com\/auth?site=https%3A%2F%2Fgateway.goldtagapp.com%2Fru&r=https%3A%2F%2Fgateway.goldtagapp.com%2Fru%2Fwp-json%2Fwp%2Fv2%2Fpages%2F522%3Fnonce%3D63e8b5d585","maxTags":5,"trendsIcon":"<svg viewBox=\"0 0 610 610\"><path d=\"M18.85,446,174.32,290.48l58.08,58.08L76.93,504a14.54,14.54,0,0,1-20.55,0L18.83,466.48a14.54,14.54,0,0,1,0-20.55Z\" style=\"fill:#4285f4\"\/><path d=\"M242.65,242.66,377.59,377.6l-47.75,47.75a14.54,14.54,0,0,1-20.55,0L174.37,290.43l47.75-47.75A14.52,14.52,0,0,1,242.65,242.66Z\" style=\"fill:#ea4335\"\/><polygon points=\"319.53 319.53 479.26 159.8 537.34 217.88 377.61 377.62 319.53 319.53\" style=\"fill:#fabb05\"\/><path d=\"M594.26,262.73V118.61h0a16.94,16.94,0,0,0-16.94-16.94H433.2a16.94,16.94,0,0,0-12,28.92L565.34,274.71h0a16.94,16.94,0,0,0,28.92-12Z\" style=\"fill:#34a853\"\/><rect width=\"610\" height=\"610\" style=\"fill:none\"\/><\/svg>","showScore":true,"siteFavIcon":"https:\/\/gateway.goldtagapp.com\/wp-content\/uploads\/2025\/01\/cropped-google-icon-32x32.png","canUser":{"general":false,"advanced":false,"snippet":false,"social":false,"analysis":false,"analytics":false,"content_ai":false},"isPro":false,"is_front_page":false,"trendsUpgradeLink":"https:\/\/rankmath.com\/pricing\/?utm_source=Plugin&utm_medium=CE%20General%20Tab%20Trends&utm_campaign=WP","trendsUpgradeLabel":"\u0410\u043f\u0433\u0440\u0435\u0439\u0434","trendsPreviewImage":"https:\/\/gateway.goldtagapp.com\/wp-content\/plugins\/seo-by-rank-math\/assets\/admin\/img\/trends-preview.jpg","currentEditor":false,"homepageData":{"assessor":{"powerWords":[],"diacritics":true,"researchesTests":["contentHasTOC","contentHasShortParagraphs","contentHasAssets","keywordInTitle","keywordInMetaDescription","keywordInPermalink","keywordIn10Percent","keywordInContent","keywordInSubheadings","keywordInImageAlt","keywordDensity","keywordNotUsed","lengthContent","lengthPermalink","linksHasInternal","linksHasExternals","linksNotAllExternals","titleStartWithKeyword","titleSentiment","titleHasPowerWords","titleHasNumber","hasContentAI"],"hasBreadcrumb":false,"serpData":{"title":"%sitename% %page% %sep% %sitedesc%","description":"","titleTemplate":"%sitename% %page% %sep% %sitedesc%","descriptionTemplate":"","focusKeywords":"","breadcrumbTitle":"Home","robots":{"index":true},"advancedRobots":{"max-snippet":"-1","max-video-preview":"-1","max-image-preview":"large"},"facebookTitle":"","facebookDescription":"","facebookImage":"","facebookImageID":""}}},"tocTitle":"Table of Contents","tocExcludeHeadings":[],"listStyle":"ul"},"_links":{"self":[{"href":"https:\/\/gateway.goldtagapp.com\/ru\/wp-json\/wp\/v2\/pages\/522","targetHints":{"allow":["GET"]}}],"collection":[{"href":"https:\/\/gateway.goldtagapp.com\/ru\/wp-json\/wp\/v2\/pages"}],"about":[{"href":"https:\/\/gateway.goldtagapp.com\/ru\/wp-json\/wp\/v2\/types\/page"}],"author":[{"embeddable":true,"href":"https:\/\/gateway.goldtagapp.com\/ru\/wp-json\/wp\/v2\/users\/1"}],"replies":[{"embeddable":true,"href":"https:\/\/gateway.goldtagapp.com\/ru\/wp-json\/wp\/v2\/comments?post=522"}],"version-history":[{"count":153,"href":"https:\/\/gateway.goldtagapp.com\/ru\/wp-json\/wp\/v2\/pages\/522\/revisions"}],"predecessor-version":[{"id":2834,"href":"https:\/\/gateway.goldtagapp.com\/ru\/wp-json\/wp\/v2\/pages\/522\/revisions\/2834"}],"wp:attachment":[{"href":"https:\/\/gateway.goldtagapp.com\/ru\/wp-json\/wp\/v2\/media?parent=522"}],"curies":[{"name":"wp","href":"https:\/\/api.w.org\/{rel}","templated":true}]}}